{"id":632,"date":"2017-02-02T14:27:30","date_gmt":"2017-02-02T14:27:30","guid":{"rendered":"http:\/\/test.kriesi.at\/enfold-2017\/?page_id=632"},"modified":"2025-12-04T16:14:34","modified_gmt":"2025-12-04T15:14:34","slug":"kontakt","status":"publish","type":"page","link":"https:\/\/haus-gronau.de\/index.php\/pages\/kontakt\/","title":{"rendered":"Kontakt"},"content":{"rendered":"<div  class='av_gmaps_sc_main_wrap av_gmaps_main_wrap '><div id='av_gmap_0' class='avia-google-map-container avia-google-map-sc av_gmaps_show_unconditionally av-no-fallback-img ' data-mapid='av_gmap_0'  style='height: 500px;'><a class=\"av_gmaps_browser_disabled av_text_confirm_link av_text_confirm_link_visible\" href=\"https:\/\/www.google.com\/maps\/search\/?api=1&#038;query=Refrather%20Weg%2046,%2051469%20Bergisch%20Gladbach%20%20Bergisch%20Gladbach%20%20deutschland\" target=\"_blank\">Aufgrund deiner Datenschutz-Einstellungen k\u00f6nnen wir Ihnen die Karte nicht anzeigen. Klicken Sie hier, um die Karte in einem neuen Fenster zu \u00f6ffnen.<\/a><\/div><\/div>\n\n<style type=\"text\/css\" data-created_by=\"avia_inline_auto\" id=\"style-css-av-1xbljc-4e4a44f549808b574bb010435b891a05\">\n.avia-section.av-1xbljc-4e4a44f549808b574bb010435b891a05 .av-extra-border-element .av-extra-border-inner{\nbackground-color:#ffffff;\n}\n<\/style>\n<div id='av_section_1'  class='avia-section av-1xbljc-4e4a44f549808b574bb010435b891a05 main_color avia-section-large avia-no-border-styling  avia-builder-el-1  el_after_av_google_map  avia-builder-el-last  avia-bg-style-scroll av-arrow-down-section container_wrap sidebar_right'  ><div class='container av-section-cont-open' ><div class='template-page content  av-content-small alpha units'><div class='post-entry post-entry-type-page post-entry-632'><div class='entry-content-wrapper clearfix'>\n\n<style type=\"text\/css\" data-created_by=\"avia_inline_auto\" id=\"style-css-av-1q4948-073c0dfa43b550409434c3f359cd8a56\">\n#top .av-special-heading.av-1q4948-073c0dfa43b550409434c3f359cd8a56{\npadding-bottom:20px;\nfont-size:40px;\n}\nbody .av-special-heading.av-1q4948-073c0dfa43b550409434c3f359cd8a56 .av-special-heading-tag .heading-char{\nfont-size:25px;\n}\n#top #wrap_all .av-special-heading.av-1q4948-073c0dfa43b550409434c3f359cd8a56 .av-special-heading-tag{\nfont-size:40px;\n}\n.av-special-heading.av-1q4948-073c0dfa43b550409434c3f359cd8a56 .av-subheading{\nfont-size:15px;\n}\n\n@media only screen and (min-width: 480px) and (max-width: 767px){ \n#top #wrap_all .av-special-heading.av-1q4948-073c0dfa43b550409434c3f359cd8a56 .av-special-heading-tag{\nfont-size:0.8em;\n}\n}\n\n@media only screen and (max-width: 479px){ \n#top #wrap_all .av-special-heading.av-1q4948-073c0dfa43b550409434c3f359cd8a56 .av-special-heading-tag{\nfont-size:0.8em;\n}\n}\n<\/style>\n<div  class='av-special-heading av-1q4948-073c0dfa43b550409434c3f359cd8a56 av-special-heading-h2 blockquote modern-quote  avia-builder-el-2  el_before_av_one_half  avia-builder-el-first  av-inherit-size'><h2 class='av-special-heading-tag '  itemprop=\"headline\"  >Kontakt<\/h2><div class=\"special-heading-border\"><div class=\"special-heading-inner-border\"><\/div><\/div><\/div>\n\n<style type=\"text\/css\" data-created_by=\"avia_inline_auto\" id=\"style-css-av-1mobp4-8965cf6752008e1b820ac6ce96db4a22\">\n.flex_column.av-1mobp4-8965cf6752008e1b820ac6ce96db4a22{\nborder-radius:0px 0px 0px 0px;\npadding:0px 0px 0px 0px;\n}\n<\/style>\n<div  class='flex_column av-1mobp4-8965cf6752008e1b820ac6ce96db4a22 av_one_half  avia-builder-el-3  el_after_av_heading  el_before_av_one_half  first flex_column_div av-zero-column-padding  '     ><form action=\"https:\/\/haus-gronau.de\/index.php\/pages\/kontakt\/\" method=\"post\" data-fields-with-error=\"Fehler wurden in folgenden Feld(ern) gefunden:\" class=\"avia_ajax_form av-form-labels-hidden   avia-builder-el-4  avia-builder-el-no-sibling   \" data-avia-form-id=\"1\" data-avia-redirect='' ><fieldset><p class='  first_form  form_element form_element_half' id='element_avia_1_1'><label for=\"avia_1_1\">Name <abbr class=\"required\" title=\"ben\u00f6tigt\">*<\/abbr><\/label> <input name=\"avia_1_1\" class=\"text_input is_empty\" type=\"text\" id=\"avia_1_1\" value=\"\"  placeholder='Name*'\/><\/p><p class='  form_element form_element_half' id='element_avia_2_1'><label for=\"avia_2_1\">E-Mail <abbr class=\"required\" title=\"ben\u00f6tigt\">*<\/abbr><\/label> <input name=\"avia_2_1\" class=\"text_input is_email\" type=\"text\" id=\"avia_2_1\" value=\"\"  placeholder='E-Mail*'\/><\/p><p class='  first_form  form_element form_fullwidth' id='element_avia_3_1'><label for=\"avia_3_1\">Betreff <abbr class=\"required\" title=\"ben\u00f6tigt\">*<\/abbr><\/label> <input name=\"avia_3_1\" class=\"text_input is_empty\" type=\"text\" id=\"avia_3_1\" value=\"\"  placeholder='Betreff*'\/><\/p><p class='  first_form  form_element form_fullwidth' id='element_avia_4_1'><label for=\"avia_4_1\" class=\"textare_label hidden textare_label_avia_4_1\">Message <abbr class=\"required\" title=\"ben\u00f6tigt\">*<\/abbr><\/label><textarea  placeholder='Message*' name=\"avia_4_1\" class=\"text_area is_empty\" cols=\"40\" rows=\"7\" id=\"avia_4_1\" ><\/textarea><\/p><p class='  first_form  form_element form_fullwidth' id='element_avia_5_1'><input  name=\"avia_5_1\" class=\"input_checkbox is_empty\" type=\"checkbox\" id=\"avia_5_1\" value=\"true\"\/><label class=\"input_checkbox_label\" for=\"avia_5_1\">Ich habe die <a href=\"http:\/\/haus-gronau.de\/index.php\/datenschutzerklaerung\/\">Datenschutzerkl\u00e4rung<\/a> zur Kenntnis genommen und bin mir bewusst, dass meine Daten zum Zwecke der erw\u00fcnschten Kontaktaufnahme bis auf Weiteres gespeichert werden.  <abbr class=\"required\" title=\"ben\u00f6tigt\">*<\/abbr><\/label><\/p><p class=\"hidden\"><input type=\"text\" name=\"avia_6_1\" class=\"hidden \" id=\"avia_6_1\" value=\"\" \/><\/p><p class='   form_element form_fullwidth' id='element_avia_7_1'><span class='value_verifier_label'>0 + 1 = ?<\/span><input name=\"avia_7_1_verifier\" type=\"hidden\" id=\"avia_7_1_verifier\" value=\"274241545\"\/><label for=\"avia_7_1\">Bitte l\u00f6se die Gleichung. Diese Ma\u00dfnahme dient der Abwehr von Spam <abbr class=\"required\" title=\"ben\u00f6tigt\">*<\/abbr><\/label><input name=\"avia_7_1\" class=\"text_input captcha\" type=\"text\" id=\"avia_7_1\" value=\"\"\/><\/p><p class=\"form_element \"><input type=\"hidden\" value=\"1\" name=\"avia_generated_form1\" \/><input type=\"submit\" value=\"Submit\" class=\"button\"  data-sending-label=\"Sende\"\/><\/p><\/fieldset><\/form><div id=\"ajaxresponse_1\" class=\"ajaxresponse ajaxresponse_1 hidden\"><\/div><\/div>\n<style type=\"text\/css\" data-created_by=\"avia_inline_auto\" id=\"style-css-av-h5lig-15d625be16f3e4fe7a3c9ff412fd74d9\">\n.flex_column.av-h5lig-15d625be16f3e4fe7a3c9ff412fd74d9{\nborder-radius:0px 0px 0px 0px;\npadding:0px 0px 0px 0px;\n}\n<\/style>\n<div  class='flex_column av-h5lig-15d625be16f3e4fe7a3c9ff412fd74d9 av_one_half  avia-builder-el-5  el_after_av_one_half  avia-builder-el-last  flex_column_div av-zero-column-padding  '     ><section  class='av_textblock_section av-a7lig-c8429b6609adcdcee456b689fcb5fe86 '   itemscope=\"itemscope\" itemtype=\"https:\/\/schema.org\/CreativeWork\" ><div class='avia_textblock'  itemprop=\"text\" ><h4><strong>ADRESSE<\/strong><\/h4>\n<p>Haus Gronau<br \/>\nRefrather Weg<br \/>\n51469 Bergisch Gladbach<\/p>\n<h4>KONTAKT<\/h4>\n<p>info@haus-gronau.de<br \/>\n+49 (0) 2202 &#8211; 25 14 742<\/p>\n<h4><\/h4>\n<\/div><\/section><\/div><\/div><\/div><\/div><!-- close content main div --><\/div><div class='av-extra-border-element border-extra-arrow-down'><div class='av-extra-border-outer'><div class='av-extra-border-inner'><\/div><\/div><\/div><\/div><div id='after_section_1'  class='main_color av_default_container_wrap container_wrap sidebar_right'  ><div class='container av-section-cont-open' ><div class='template-page content  av-content-small alpha units'><div class='post-entry post-entry-type-page post-entry-632'><div class='entry-content-wrapper clearfix'>\n","protected":false},"excerpt":{"rendered":"","protected":false},"author":1,"featured_media":0,"parent":603,"menu_order":0,"comment_status":"closed","ping_status":"closed","template":"","meta":{"footnotes":""},"class_list":["post-632","page","type-page","status-publish","hentry"],"yoast_head":"<!-- This site is optimized with the Yoast SEO plugin v27.1.1 - https:\/\/yoast.com\/product\/yoast-seo-wordpress\/ -->\n<title>Ferienwohnungen n\u00e4he K\u00f6ln - [Haus Gronau Bergisch Gladbach]<\/title>\n<meta name=\"description\" content=\"Voll m\u00f6bilierte und ausgestattete Ferienwohnung in der N\u00e4he K\u00f6lns (Bergisch Gladbach) \u2714 G\u00fcnstig \u2714 einfach buchen \u2714 20 Minuten nach K\u00f6ln\" \/>\n<meta name=\"robots\" content=\"index, follow, max-snippet:-1, max-image-preview:large, max-video-preview:-1\" \/>\n<link rel=\"canonical\" href=\"https:\/\/haus-gronau.de\/index.php\/pages\/kontakt\/\" \/>\n<meta property=\"og:locale\" content=\"de_DE\" \/>\n<meta property=\"og:type\" content=\"article\" \/>\n<meta property=\"og:title\" content=\"Ferienwohnungen n\u00e4he K\u00f6ln - [Haus Gronau Bergisch Gladbach]\" \/>\n<meta property=\"og:description\" content=\"Voll m\u00f6bilierte und ausgestattete Ferienwohnung in der N\u00e4he K\u00f6lns (Bergisch Gladbach) \u2714 G\u00fcnstig \u2714 einfach buchen \u2714 20 Minuten nach K\u00f6ln\" \/>\n<meta property=\"og:url\" content=\"https:\/\/haus-gronau.de\/index.php\/pages\/kontakt\/\" \/>\n<meta property=\"og:site_name\" content=\"Haus Gronau\" \/>\n<meta property=\"article:modified_time\" content=\"2025-12-04T15:14:34+00:00\" \/>\n<meta name=\"twitter:card\" content=\"summary_large_image\" \/>\n<meta name=\"twitter:label1\" content=\"Gesch\u00e4tzte Lesezeit\" \/>\n\t<meta name=\"twitter:data1\" content=\"1\u00a0Minute\" \/>\n<script type=\"application\/ld+json\" class=\"yoast-schema-graph\">{\"@context\":\"https:\/\/schema.org\",\"@graph\":[{\"@type\":\"WebPage\",\"@id\":\"https:\/\/haus-gronau.de\/index.php\/pages\/kontakt\/\",\"url\":\"https:\/\/haus-gronau.de\/index.php\/pages\/kontakt\/\",\"name\":\"Ferienwohnungen n\u00e4he K\u00f6ln - [Haus Gronau Bergisch Gladbach]\",\"isPartOf\":{\"@id\":\"https:\/\/haus-gronau.de\/#website\"},\"datePublished\":\"2017-02-02T14:27:30+00:00\",\"dateModified\":\"2025-12-04T15:14:34+00:00\",\"description\":\"Voll m\u00f6bilierte und ausgestattete Ferienwohnung in der N\u00e4he K\u00f6lns (Bergisch Gladbach) \u2714 G\u00fcnstig \u2714 einfach buchen \u2714 20 Minuten nach K\u00f6ln\",\"breadcrumb\":{\"@id\":\"https:\/\/haus-gronau.de\/index.php\/pages\/kontakt\/#breadcrumb\"},\"inLanguage\":\"de\",\"potentialAction\":[{\"@type\":\"ReadAction\",\"target\":[\"https:\/\/haus-gronau.de\/index.php\/pages\/kontakt\/\"]}]},{\"@type\":\"BreadcrumbList\",\"@id\":\"https:\/\/haus-gronau.de\/index.php\/pages\/kontakt\/#breadcrumb\",\"itemListElement\":[{\"@type\":\"ListItem\",\"position\":1,\"name\":\"Startseite\",\"item\":\"https:\/\/haus-gronau.de\/index.php\/home\/\"},{\"@type\":\"ListItem\",\"position\":2,\"name\":\"Pages\",\"item\":\"https:\/\/haus-gronau.de\/index.php\/pages\/\"},{\"@type\":\"ListItem\",\"position\":3,\"name\":\"Kontakt\"}]},{\"@type\":\"WebSite\",\"@id\":\"https:\/\/haus-gronau.de\/#website\",\"url\":\"https:\/\/haus-gronau.de\/\",\"name\":\"Haus Gronau\",\"description\":\"Ferienwohnungen in Bergisch Gladbach\",\"potentialAction\":[{\"@type\":\"SearchAction\",\"target\":{\"@type\":\"EntryPoint\",\"urlTemplate\":\"https:\/\/haus-gronau.de\/?s={search_term_string}\"},\"query-input\":{\"@type\":\"PropertyValueSpecification\",\"valueRequired\":true,\"valueName\":\"search_term_string\"}}],\"inLanguage\":\"de\"}]}<\/script>\n<!-- \/ Yoast SEO plugin. -->","yoast_head_json":{"title":"Ferienwohnungen n\u00e4he K\u00f6ln - [Haus Gronau Bergisch Gladbach]","description":"Voll m\u00f6bilierte und ausgestattete Ferienwohnung in der N\u00e4he K\u00f6lns (Bergisch Gladbach) \u2714 G\u00fcnstig \u2714 einfach buchen \u2714 20 Minuten nach K\u00f6ln","robots":{"index":"index","follow":"follow","max-snippet":"max-snippet:-1","max-image-preview":"max-image-preview:large","max-video-preview":"max-video-preview:-1"},"canonical":"https:\/\/haus-gronau.de\/index.php\/pages\/kontakt\/","og_locale":"de_DE","og_type":"article","og_title":"Ferienwohnungen n\u00e4he K\u00f6ln - [Haus Gronau Bergisch Gladbach]","og_description":"Voll m\u00f6bilierte und ausgestattete Ferienwohnung in der N\u00e4he K\u00f6lns (Bergisch Gladbach) \u2714 G\u00fcnstig \u2714 einfach buchen \u2714 20 Minuten nach K\u00f6ln","og_url":"https:\/\/haus-gronau.de\/index.php\/pages\/kontakt\/","og_site_name":"Haus Gronau","article_modified_time":"2025-12-04T15:14:34+00:00","twitter_card":"summary_large_image","twitter_misc":{"Gesch\u00e4tzte Lesezeit":"1\u00a0Minute"},"schema":{"@context":"https:\/\/schema.org","@graph":[{"@type":"WebPage","@id":"https:\/\/haus-gronau.de\/index.php\/pages\/kontakt\/","url":"https:\/\/haus-gronau.de\/index.php\/pages\/kontakt\/","name":"Ferienwohnungen n\u00e4he K\u00f6ln - [Haus Gronau Bergisch Gladbach]","isPartOf":{"@id":"https:\/\/haus-gronau.de\/#website"},"datePublished":"2017-02-02T14:27:30+00:00","dateModified":"2025-12-04T15:14:34+00:00","description":"Voll m\u00f6bilierte und ausgestattete Ferienwohnung in der N\u00e4he K\u00f6lns (Bergisch Gladbach) \u2714 G\u00fcnstig \u2714 einfach buchen \u2714 20 Minuten nach K\u00f6ln","breadcrumb":{"@id":"https:\/\/haus-gronau.de\/index.php\/pages\/kontakt\/#breadcrumb"},"inLanguage":"de","potentialAction":[{"@type":"ReadAction","target":["https:\/\/haus-gronau.de\/index.php\/pages\/kontakt\/"]}]},{"@type":"BreadcrumbList","@id":"https:\/\/haus-gronau.de\/index.php\/pages\/kontakt\/#breadcrumb","itemListElement":[{"@type":"ListItem","position":1,"name":"Startseite","item":"https:\/\/haus-gronau.de\/index.php\/home\/"},{"@type":"ListItem","position":2,"name":"Pages","item":"https:\/\/haus-gronau.de\/index.php\/pages\/"},{"@type":"ListItem","position":3,"name":"Kontakt"}]},{"@type":"WebSite","@id":"https:\/\/haus-gronau.de\/#website","url":"https:\/\/haus-gronau.de\/","name":"Haus Gronau","description":"Ferienwohnungen in Bergisch Gladbach","potentialAction":[{"@type":"SearchAction","target":{"@type":"EntryPoint","urlTemplate":"https:\/\/haus-gronau.de\/?s={search_term_string}"},"query-input":{"@type":"PropertyValueSpecification","valueRequired":true,"valueName":"search_term_string"}}],"inLanguage":"de"}]}},"_links":{"self":[{"href":"https:\/\/haus-gronau.de\/index.php\/wp-json\/wp\/v2\/pages\/632","targetHints":{"allow":["GET"]}}],"collection":[{"href":"https:\/\/haus-gronau.de\/index.php\/wp-json\/wp\/v2\/pages"}],"about":[{"href":"https:\/\/haus-gronau.de\/index.php\/wp-json\/wp\/v2\/types\/page"}],"author":[{"embeddable":true,"href":"https:\/\/haus-gronau.de\/index.php\/wp-json\/wp\/v2\/users\/1"}],"replies":[{"embeddable":true,"href":"https:\/\/haus-gronau.de\/index.php\/wp-json\/wp\/v2\/comments?post=632"}],"version-history":[{"count":16,"href":"https:\/\/haus-gronau.de\/index.php\/wp-json\/wp\/v2\/pages\/632\/revisions"}],"predecessor-version":[{"id":3789,"href":"https:\/\/haus-gronau.de\/index.php\/wp-json\/wp\/v2\/pages\/632\/revisions\/3789"}],"up":[{"embeddable":true,"href":"https:\/\/haus-gronau.de\/index.php\/wp-json\/wp\/v2\/pages\/603"}],"wp:attachment":[{"href":"https:\/\/haus-gronau.de\/index.php\/wp-json\/wp\/v2\/media?parent=632"}],"curies":[{"name":"wp","href":"https:\/\/api.w.org\/{rel}","templated":true}]}}