{"id":3724,"date":"2019-05-27T12:00:55","date_gmt":"2019-05-27T10:00:55","guid":{"rendered":"https:\/\/haus-gronau.de\/?page_id=3724"},"modified":"2019-05-27T14:36:20","modified_gmt":"2019-05-27T12:36:20","slug":"agb","status":"publish","type":"page","link":"https:\/\/haus-gronau.de\/index.php\/agb\/","title":{"rendered":"AGB"},"content":{"rendered":"\n<p><strong>\u00a7 1 . Geltung der AGB<\/strong><\/p>\n\n\n\n<p>(1) Diese Allgemeinen Gesch\u00e4ftsbedingungen gelten f\u00fcr Vertr\u00e4ge \u00fcber die mietweise \u00dcberlassung von Ferienwohnungen zur Beherbergung sowie alle f\u00fcr den Gast erbrachten weiteren Leistungen und Lieferungen des Anbieters. Die Leistungen des Anbieters erfolgen ausschlie\u00dflich aufgrund dieser Allgemeinen Gesch\u00e4ftsbedingungen.<br>(2) Die Unter- oder Weitervermietung der \u00fcberlassenen Ferienwohnung sowie deren Nutzung zu anderen als Wohnzwecken bed\u00fcrfen der vorherigen schriftlichen Zustimmung des Anbieters.<br>(3) Gesch\u00e4ftsbedingungen des Gastes finden nur Anwendung, wenn diese vorher vereinbart wurden. Abweichungen von diesen Bedingungen sind nur wirksam, wenn der Anbieter sie ausdr\u00fccklich schriftlich best\u00e4tigt hat.<\/p>\n\n\n\n<p><strong>\u00a7 2 . Beherbergungsvertrag<\/strong><\/p>\n\n\n\n<p>(1) Der Beherbergungsvertrag kommt zustande, wenn der Anbieter die Buchungsanfrage des Gastes telefonisch oder schriftlich per Briefpost, E-Mail und\/oder Telefax best\u00e4tigt und damit die Buchung annimmt (Antragsannahme).<br>(2) Vertragspartner sind der Anbieter und der Gast. Hat ein Dritter f\u00fcr den Gast bestellt, haftet er dem Anbieter gegen\u00fcber zusammen mit dem Gast als Gesamtschuldner f\u00fcr alle Verpflichtungen aus diesem Vertrag, sofern dem Anbieter eine entsprechende Erkl\u00e4rung des Dritten vorliegt.<br>(3) Der Gast ist verpflichtet, die Buchungsbest\u00e4tigung auf ihre Richtigkeit hin zu \u00fcberpr\u00fcfen. Weicht die Buchungsbest\u00e4tigung inhaltlich von der Buchungsanfrage ab und erhebt der Gast hiergegen nicht unverz\u00fcglich Einwendungen, so gilt der Inhalt der Buchungsbest\u00e4tigung als vertraglich vereinbart.<\/p>\n\n\n\n<p><strong>\u00a7 3 . Leistungen, Preise, Zahlung, Aufrechnung<\/strong><\/p>\n\n\n\n<p>(1) Der Anbieter ist verpflichtet, die vom Gast gebuchte Ferienwohnung bereitzuhalten und die vereinbarten Leistungen zu erbringen. Die Ferienwohnung entspricht dem Ausstattungsstandard einer durchschnittlichen Mietwohnung. Eine Gew\u00e4hr \u00fcbernimmt der Anbieter nur f\u00fcr ausdr\u00fccklich zugesagte Ausstattungsmerkmale, nicht dagegen f\u00fcr die subjektive Qualit\u00e4t der Ausstattung (z. B. Bel\u00fcftung).<br>(2) Der Gast ist verpflichtet, die f\u00fcr die \u00dcberlassung der Ferienwohnung und die von ihm in Anspruch genommenen weiteren Leistungen geltenden bzw. vereinbarten Preise des Anbieters zu zahlen. Dies gilt auch f\u00fcr vom Gast veranlasste Leistungen und Auslagen des Anbieters an Dritte.<br>(3) S\u00e4mtliche Preise schlie\u00dfen die jeweilige gesetzliche Mehrwertsteuer ein.<br>(4) Der Gast ist verpflichtet, wahrheitsgem\u00e4\u00dfe Angaben \u00fcber die Anzahl der Personen zu machen, die die Ferienwohnung belegen. Die Ferienwohnung steht maximal f\u00fcr die in der Buchungsbest\u00e4tigung nach \u00a7 2 Abs. 1 genannte Anzahl von Personen zur Verf\u00fcgung. Die Belegung mit einer dar\u00fcber hinausgehenden Anzahl von Personen bedarf der vorherigen schriftlichen Zustimmung des Anbieters. Der Preis f\u00fcr die \u00dcberlassung der Ferienwohnung erh\u00f6ht sich in diesem Fall auf den bei entsprechender Belegung vom Anbieter allgemein berechneten Preis.<br>(5) \u00dcberschreitet der Zeitraum zwischen Vertragsabschluss und Vertragserf\u00fcllung vier Monate und erh\u00f6ht sich der vom Anbieter allgemein f\u00fcr derartige Leistungen berechnete Preis, so kann der Anbieter den vertraglich vereinbarten Preis angemessen, h\u00f6chstens jedoch um 10 %, anheben.<br>(6) Die Zahlung des f\u00fcr die \u00dcberlassung der Ferienwohnung vereinbarten Preises sowie f\u00fcr die mit dem Gast vereinbarten weiteren Leistungen ist sp\u00e4testens am Anreisetag bei \u00dcbergabe der Schl\u00fcssel f\u00e4llig. Sie hat zu diesem Zeitpunkt in bar zu erfolgen, es sei denn der Anbieter hat gegen\u00fcber dem Gast einer anderen Zahlungsweise ausdr\u00fccklich zugestimmt. EC- und Kreditkarten k\u00f6nnen als Zahlungsmittel vor Ort nicht akzeptiert werden.<br>(7) Der Anbieter beh\u00e4lt sich vor, von dem Gast vor der Anreise eine angemessene Vorauszahlung auf den f\u00fcr die \u00dcberlassung der Ferienwohnung vereinbarten Preis sowie die mit dem Gast vereinbarten weiteren Leistungen zu verlangen. Sofern eine Vorauszahlung mit der Buchungsbest\u00e4tigung gem\u00e4\u00df \u00a7 2 Abs. 1 verlangt wird, ist diese am 8. Tag nach der \u00dcbermittlung der Buchungsbest\u00e4tigung f\u00e4llig. Kann der Anbieter bis zum 8. Tag nach der \u00dcbermittlung der Buchungsbest\u00e4tigung keinen Zahlungseingang verbuchen, und wird diese auch nicht nach Verstreichen einer vom Anbieter gesetzten angemessenen Nachfrist mit Ablehnungsandrohung geleistet, so ist der Anbieter berechtigt, vom Vertrag zur\u00fcckzutreten; er muss dies dem Gast schriftlich mitteilen. \u00a7 5 Abs. 3 ist dann mit der Ma\u00dfgabe, dass der 8. Tag nach der \u00dcbermittlung der Buchungsbest\u00e4tigung als Tag der Stornierung gilt, entsprechend anzuwenden.<br>(8) Der Gast kann nur mit einer unstreitigen oder rechtskr\u00e4ftig festgestellten Forderung gegen\u00fcber einer Forderung des Anbieters aufrechnen.<\/p>\n\n\n\n<p><strong><strong>\u00a7 4. Allgemeine Rechte und Pflichten; Hausordnung<\/strong><\/strong><\/p>\n\n\n\n<p>(1) Der Gast hat die ihm \u00fcberlassene Ferienwohnung und dessen Inventar pfleglich zu behandeln. Der Gast ist zur Einhaltung der Hausordnung verpflichtet. Von 22.00 Uhr bis 7.00 Uhr gilt die Nachtruhe. In dieser Zeit ist besondere R\u00fccksichtnahme auf die Nachbarn auch in den Hauseing\u00e4ngen und Treppenh\u00e4usern geboten. Um eine St\u00f6rung zu vermeiden, sind TV- und Audioger\u00e4te auf Zimmerlautst\u00e4rke einzustellen.<br>(2) F\u00fcr die Dauer der \u00dcberlassung der Ferienwohnung ist der Gast verpflichtet, bei Verlassen der Ferienwohnung Fenster (au\u00dfer angekippt) und T\u00fcren geschlossen zu halten, s\u00e4mtliche Heizk\u00f6rper auf niedrige Stufe zu regeln sowie Licht und technische Ger\u00e4te auszuschalten.<br>(3) Die Unterbringung von Haustieren jedweder Art ist in der Ferienwohnung nur nach vorheriger schriftlicher Zustimmung des Anbieters erlaubt. F\u00fcr die Unterbringung von Tieren kann der Anbieter einen angemessenen Aufpreis verlangen. Werden Tiere ohne vorherige Zustimmung des Anbieters untergebracht, kann dieser eine Reinigungspauschale in H\u00f6he von bis zu 200,00 \u20ac (netto) in Rechnung stellen.<br>(4) In der Ferienwohnung gilt ein allgemeines Rauchverbot. Bei Zuwiderhandlungen kann der Anbieter eine Reinigungspauschale in H\u00f6he von bis zu 200,00 \u20ac (netto) in Rechnung stellen. Rauchen ist nur auf Balkonen und Terrassen erlaubt.<br>(5) Die Internetnutzung ist gestattet, soweit diese nicht gegen die gesetzlichen Bestimmungen verst\u00f6\u00dft. Strafbare Handlungen (insbesondere widerrechtliche Downloads, Seitenaufrufe) werden zur Anzeige gebracht und strafrechtlich verfolgt. F\u00fcr eine widerrechtliche Nutzung des Internets haftet allein der Gast.<br>(6) Die Ein- und\/oder Anbringung von Materialien zur Dekoration o. \u00e4. ist in der Ferienwohnung nicht erlaubt. Der Gast haftet f\u00fcr gleichwohl ein- und\/oder angebrachte Dekoration o. \u00f6. allein und stellt den Anbieter von Anspr\u00fcchen Dritter frei. Er ist au\u00dferdem zum Ersatz von Sch\u00e4den durch die Ein- und oder Anbringung von Dekoration o. \u00e4. verpflichtet.<br>(7) Der Anbieter hat ein jederzeitiges Zutrittsrecht zu der Ferienwohnung, insbesondere bei Gefahr im Verzug. Auf die schutzw\u00fcrdigen Belange des Gastes ist bei der Aus\u00fcbung des Zutrittsrechts angemessen R\u00fccksicht zu nehmen. Der Anbieter wird den Gast \u00fcber die Aus\u00fcbung des Zutrittsrechts vorab informieren, es sei denn, dies ist ihm nach den Umst\u00e4nden des Einzelfalls nicht zumutbar oder unm\u00f6glich.<\/p>\n\n\n\n<p><strong><strong><strong><strong>\u00a7 5 . R\u00fccktritt vom Vertrag (Abbestellung; Stornierung)<\/strong><\/strong><\/strong><\/strong><\/p>\n\n\n\n<p>(1) Ein R\u00fccktritt des Gastes von dem mit dem Anbieter geschlossenen Vertrag bedarf der schriftlichen Zustimmung des Anbieters. Erfolgt diese nicht, so ist der vereinbarte Preis aus dem Vertrag auch dann zu zahlen, wenn der Kunde vertragliche Leistungen nicht in Anspruch nimmt. Dies gilt nicht in F\u00e4llen des Leistungsverzuges des Anbieters oder einer von ihm zu vertretenden Unm\u00f6glichkeit der Leistungserbringung.<br>(2) Der Gast kann, ohne Zahlungs- oder Schadensersatzanspr\u00fcche des Anbieters auszul\u00f6sen, von dem Vertrag nur zur\u00fccktreten, sofern zwischen ihm und dem Anbieter die R\u00fccktrittsm\u00f6glichkeit bis zu einem bestimmten Termin schriftlich vereinbart wurde. Dieses R\u00fccktrittsrecht des Gastes erlischt, wenn er nicht bis zum vereinbarten Termin sein Recht zum R\u00fccktritt schriftlich gegen\u00fcber dem Anbieter aus\u00fcbt, es sei denn es liegt ein Fall des Leistungsverzuges des Anbieters oder eine von ihm zu vertretende Unm\u00f6glichkeit der Leistungserbringung vor.<br>(3) Ohne Ausl\u00f6sung von Zahlungs- oder Schadensersatzanspr\u00fcchen des Anbieters ist der Gast zur Stornierung bis 60 Tage vor Anreise, im \u00dcbrigen nach den folgenden Ma\u00dfgaben berechtigt:<\/p>\n\n\n\n<table class=\"wp-block-table is-style-regular\"><tbody><tr><td>Stornierung bis sp\u00e4testens<\/td><td>H\u00f6he des zu entrichtenden <br>\u00dcbernachtungspreises<\/td><\/tr><tr><td>bis 60 Tage vor Anreise<\/td><td>0 %<\/td><\/tr><tr><td>59 &#8211; 45 Tage vor Anreise<\/td><td>20 %<\/td><\/tr><tr><td>44 &#8211; 30 Tage vor Anreise<\/td><td>40 %<\/td><\/tr><tr><td>29 &#8211; 14 Tage vor Anreise<\/td><td>60 %<\/td><\/tr><tr><td>13 &#8211; 0 Tage vor Anreise<\/td><td>80 %<\/td><\/tr><tr><td>bei Nichterscheinen<\/td><td>80 %<\/td><\/tr><\/tbody><\/table>\n\n\n\n\n\n<p>Stornierungen m\u00fcssen schriftlich gegen\u00fcber dem Anbieter erfolgen, es sei denn der Anbieter stimmt einer m\u00fcndlichen Stornierung zu. Als Stornierungstag gilt der Tag des Zugangs der Stornierung beim Anbieter.<br>(4) Bei einer vom Gast nicht in Anspruch genommenen Ferienwohnung hat der Anbieter die Einnahmen aus anderweitiger Vermietung der Ferienwohnung sowie die eingesparten Aufwendungen anzurechnen.<br>(5) Erscheint der Gast am Anreisetag nicht bis sp\u00e4testens 20.00 Uhr oder bis sp\u00e4testens 60 Minuten nach einem gem\u00e4\u00df \u00a7 7 Abs. 1 vereinbarten sp\u00e4teren Zeitpunkt, ohne storniert zu haben, so gilt der Vertrag als storniert. Abs. 3 ist entsprechend anzuwenden. Zus\u00e4tzlich kann der Anbieter von dem Gast eine Verwaltungsgeb\u00fchr in H\u00f6he von 100,00 \u20ac (netto) verlangen.<br>(6) Sofern ein R\u00fccktrittsrecht des Gastes innerhalb einer bestimmten Frist gem\u00e4\u00df Abs. 2 schriftlich vereinbart wurde, ist der Anbieter in diesem Zeitraum seinerseits berechtigt, vom Vertrag zur\u00fcckzutreten, wenn Anfragen anderer G\u00e4ste nach der vertraglich gebuchten Ferienwohnung vorliegen und der Gast auf R\u00fcckfrage des Anbieters auf sein Recht zum R\u00fccktritt nicht verzichtet.<br>(7) Ferner ist der Anbieter berechtigt, aus sachlich gerechtfertigtem Grund vom Vertrag zur\u00fcckzutreten bzw. diesen au\u00dferordentlich zu k\u00fcndigen, wenn z. B.<br>a) h\u00f6here Gewalt oder andere vom Anbieter nicht zu vertretende Umst\u00e4nde die Erf\u00fcllung des Vertrages unm\u00f6glich machen,<br>b) die Ferienwohnung unter irref\u00fchrender oder falscher Angabe wesentlicher Tatsachen, z. B. in der Person des Gastes oder bzgl. des Zwecks oder bzgl. der Belegung oder bzgl. der Unterbringung von Tieren, gebucht wurde,<br>c) die Ferienwohnung zu anderen als zu Wohnzwecken genutzt wird,<br>d) der Anbieter begr\u00fcndeten Anlass zu der Annahme hat, dass die Inanspruchnahme der Leistung die Sicherheit oder den Hausfrieden anderer G\u00e4ste oder Nachbarn oder das Ansehen des Anbieters in der \u00d6ffentlichkeit gef\u00e4hrdet, ohne dass dies dem Herrschafts- bzw. Organisationsbereich des Anbieters zuzurechnen ist.<br>(8) Der Anbieter hat den Gast von der Aus\u00fcbung des R\u00fccktritts- bzw. K\u00fcndigungsrechts unverz\u00fcglich in Kenntnis zu setzen. In F\u00e4llen des Abs. 7 a) hat der Anbieter bereits geleistete Mietpreiszahlungen und\/oder Vorauszahlungen unverz\u00fcglich zu erstatten. Bei berechtigtem R\u00fccktritt bzw. bei berechtigter K\u00fcndigung durch den Anbieter entsteht kein Anspruch des Gastes auf Schadensersatz. Der Gast hat dem Anbieter alle von ihm zu vertretenden Sch\u00e4den aufgrund eines R\u00fccktritts bzw. einer au\u00dferordentlichen K\u00fcndigung gem\u00e4\u00df Abs. 7 zu ersetzen.<\/p>\n\n\n\n<p><strong><strong><strong>\u00a7 6 . Haftung; Verj\u00e4hrung<\/strong><\/strong><\/strong><\/p>\n\n\n\n<p>(1) Der Anbieter haftet f\u00fcr seine Verpflichtungen aus dem Vertrag. Die Haftung ist auf Vorsatz und grobe Fahrl\u00e4ssigkeit des Anbieters beschr\u00e4nkt, wenn und soweit er nach den gesetzlichen Bestimmungen nicht unabdingbar unbeschr\u00e4nkt haftet. Sollten St\u00f6rungen oder M\u00e4ngel an den Leistungen des Anbieters auftreten, wird sich der Anbieter bei Kenntnis oder auf unverz\u00fcgliche R\u00fcge des Gastes bem\u00fchen, die St\u00f6rung oder den Mangel zu beseitigen. Der Gast ist verpflichtet, das ihm Zumutbare beizutragen, um die St\u00f6rung oder den Mangel zu beseitigen und einen m\u00f6glichen Schaden gering zu halten.<br>(2) F\u00fcr eingebrachte Sachen des Gastes haftet der Anbieter nicht; sie gelten nicht als eingebrachte Sachen im Sinne der \u00a7\u00a7 701 f. BGB. Eine Haftung des Anbieters nach diesen Vorschriften ist damit ausdr\u00fccklich ausgeschlossen. Dies gilt ausdr\u00fccklich auch f\u00fcr Wertgegenst\u00e4nde, die der Gast in der Ferienwohnung verwahrt und\/oder hinterl\u00e4sst.<br>(3) Der Gast haftet f\u00fcr alle Sch\u00e4den, die er, seine Mitreisenden oder seine Besucher in dem Haus der Ferienwohnung, in der Ferienwohnung und\/oder am Inventar der Ferienwohnung schuldhaft verursacht hat\/haben. Eine private Haftpflichtversicherung wird dem Gast empfohlen. Der Gast ist verpflichtet, dem Anbieter Sch\u00e4den unverz\u00fcglich anzuzeigen. Dies gilt insbesondere auch bei solchen Sch\u00e4den, die sich auch auf andere Wohnungen im Haus auswirken k\u00f6nnen (z. B. Wassersch\u00e4den, Feuersch\u00e4den).<br>(4) Anspr\u00fcche des Gastes verj\u00e4hren in sechs Monaten, es sei denn der Anbieter haftet wegen Vorsatzes. Anspr\u00fcche des Anbieters verj\u00e4hren in der jeweiligen gesetzlichen Frist.<\/p>\n\n\n\n<p><strong><strong>\u00a7<strong> 7 . An- und Abreise, Schl\u00fcssel\u00fcbergabe; Versp\u00e4tete R\u00e4umung<\/strong><\/strong><\/strong><\/p>\n\n\n\n<p>(1) Die Ferienwohnung steht am Anreisetag regelm\u00e4\u00dfig ab 17.00 Uhr zur Verf\u00fcgung. Die Anreise muss bis 20.00 Uhr erfolgen, es sei denn, ein sp\u00e4terer Anreisezeitpunkt wird vorab ausdr\u00fccklich mit dem Anbieter vereinbart. Eine Anreise vor 17.00 Uhr kann ebenfalls nur erfolgen, wenn dies vorab ausdr\u00fccklich mit dem Anbieter vereinbart wurde.<br>(2) Ist die Anreise in der Zeit zwischen 20:00 Uhr und 8:00 vereinbart und findet in dieser Zeit statt, wird ein Aufschlag in H\u00f6he von 30,00 Euro erhoben<br>(3) Der Gast ist verpflichtet, dem Anbieter bei der Anreise seinen g\u00fcltigen Personalausweis oder Reisepass vorzulegen.<br>(4) Der Anbieter kann bei der Anreise die Entrichtung einer Kaution in H\u00f6he von 200,00 \u20ac verlangen. Der Anbieter erstattet diese Kaution bei rechtzeitiger R\u00e4umung der Ferienwohnung und Herausgabe aller Schl\u00fcssel am Abreisetag, sofern mit dem Gast nicht etwas anderes vereinbart wurde und sofern die Ferienwohnung keine von dem Gast zu vertretenden Sch\u00e4den aufweist. F\u00fcr den Fall dar\u00fcber hinausgehender Sch\u00e4den an der Ferienwohnung und\/oder dem Inventar leistet der Gast noch vor Ort den f\u00fcr den Schadensersatz erforderlichen Geldbetrag in bar (\u00a7 249 Abs. 2 BGB).<br>(5) Am Abreisetag hat der Gast die Ferienwohnung bis sp\u00e4testens um 10.00 Uhr ger\u00e4umt zur Verf\u00fcgung zu stellen. Bei versp\u00e4teter R\u00e4umung der Ferienwohnung hat der Anbieter gegen\u00fcber dem Gast Anspruch auf eine Zusatzzahlung. Diese betr\u00e4gt<br>a) 50,00 \u20ac (netto) bei einer R\u00e4umung nach 10.00 Uhr aber vor 12.00 Uhr;<br>b) 100 % des vereinbarten \u00dcbernachtungspreises\/Nacht bei einer R\u00e4umung nach 12.00 Uhr .<br>Dar\u00fcber hinaus hat der Anbieter Anspruch auf Ersatz aller ihm aufgrund einer versp\u00e4teten R\u00e4umung entstehenden weitergehenden Sch\u00e4den.<br>(6) Die R\u00e4umung gem\u00e4\u00df Abs. 4 gilt erst als bewirkt, wenn auch alle Schl\u00fcssel an den Anbieter oder seinen Vertreter herausgegeben wurden. Hierzu kann der Gast, wenn dies mit dem Anbieter zuvor ausdr\u00fccklich vereinbart wurde, alle Schl\u00fcssel auf dem Tisch in der Ferienwohnung hinterlassen und die Wohnungst\u00fcr zuziehen. Der Gast ist verpflichtet, die ordnungsgem\u00e4\u00dfe Schlie\u00dfung der Wohnungst\u00fcr zu kontrollieren.<br>(7) Bei Verlust eines oder mehrerer Schl\u00fcssel hat der Gast dem Anbieter Schadensersatz f\u00fcr deren Neuherstellung und ggf. f\u00fcr den Einbau neuer Schl\u00f6sser zu leisten.<\/p>\n\n\n\n<p><strong><strong><strong>\u00a7 8 . Datenschutz<\/strong><\/strong><\/strong><\/p>\n\n\n\n<p>Die vom Gast angegebenen pers\u00f6nlichen Daten einschlie\u00dflich der Personalausweis- oder Reisepassnummer werden von dem Anbieter elektronisch gespeichert. Die Daten werden nicht an Dritte weitergegeben, es sei denn, dies ist f\u00fcr die Vertragsabwicklung erforderlich.<br>\u00a7 9 . Schlussbestimmungen<br>(1) \u00c4nderungen oder Erg\u00e4nzungen des Vertrags, der Antragsannahme oder dieser Allgemeinen Gesch\u00e4ftsbedingungen sollen schriftlich erfolgen. Einseitige \u00c4nderungen oder Erg\u00e4nzungen durch den Gast sind unwirksam.<br>(2) Erf\u00fcllungs- und Zahlungsort ist Berlin, Deutschland.<br>(3) Auf den Vertrag findet ausschlie\u00dflich das Recht der Bundesrepublik Deutschland Anwendung.<br>(4) Ausschlie\u00dflicher Gerichtsstand ist \u2013 auch f\u00fcr Scheck- und Wechselstreitigkeiten \u2013 im kaufm\u00e4nnischen Verkehr Berlin, Deutschland. Hat einer der Vertragsparteien keinen allgemeinen Gerichtsstand im Inland, ist ausschlie\u00dflicher Gerichtsstand ebenfalls Berlin, Deutschland.<br>(5) Diese Allgemeinen Gesch\u00e4ftsbedingungen sind urheberrechtlich gesch\u00fctzt. Sie sind nur f\u00fcr den pers\u00f6nlichen Gebrauch des Gastes bestimmt. Einer gewerblichen Nutzung durch Dritte wird ausdr\u00fccklich widersprochen. Aus der Ver\u00f6ffentlichung auch im Internet folgt nicht, dass diese Allgemeinen Gesch\u00e4ftsbedingungen Dritten zur Nutzung oder Ab\u00e4nderung \u00fcberlassen werden. Die Verfolgung von Verletzungen des Urheberrechts bleibt vorbehalten.<br>(6) Sollte eine der vorstehenden Bestimmungen unwirksam bzw. nichtig sein oder werden, so ber\u00fchrt dies die Wirksamkeit der \u00fcbrigen Bestimmungen nicht. Die unwirksame Bestimmung ist durch eine Bestimmung zu ersetzen, die dem Zweck der zu ersetzenden Bestimmung am n\u00e4chsten kommt. Im \u00dcbrigen gelten die gesetzlichen Vorschriften.<\/p>\n","protected":false},"excerpt":{"rendered":"<p>\u00a7 1 . Geltung der AGB (1) Diese Allgemeinen Gesch\u00e4ftsbedingungen gelten f\u00fcr Vertr\u00e4ge \u00fcber die mietweise \u00dcberlassung von Ferienwohnungen zur Beherbergung sowie alle f\u00fcr den Gast erbrachten weiteren Leistungen und Lieferungen des Anbieters. Die Leistungen des Anbieters erfolgen ausschlie\u00dflich aufgrund dieser Allgemeinen Gesch\u00e4ftsbedingungen.(2) Die Unter- oder Weitervermietung der \u00fcberlassenen Ferienwohnung sowie deren Nutzung zu anderen [&hellip;]<\/p>\n","protected":false},"author":3,"featured_media":0,"parent":0,"menu_order":0,"comment_status":"closed","ping_status":"closed","template":"","meta":{"footnotes":""},"class_list":["post-3724","page","type-page","status-publish","hentry"],"yoast_head":"<!-- This site is optimized with the Yoast SEO plugin v27.1.1 - https:\/\/yoast.com\/product\/yoast-seo-wordpress\/ -->\n<title>AGB - Haus Gronau<\/title>\n<meta name=\"robots\" content=\"index, follow, max-snippet:-1, max-image-preview:large, max-video-preview:-1\" \/>\n<link rel=\"canonical\" href=\"https:\/\/haus-gronau.de\/index.php\/agb\/\" \/>\n<meta property=\"og:locale\" content=\"de_DE\" \/>\n<meta property=\"og:type\" content=\"article\" \/>\n<meta property=\"og:title\" content=\"AGB - Haus Gronau\" \/>\n<meta property=\"og:description\" content=\"\u00a7 1 . Geltung der AGB (1) Diese Allgemeinen Gesch\u00e4ftsbedingungen gelten f\u00fcr Vertr\u00e4ge \u00fcber die mietweise \u00dcberlassung von Ferienwohnungen zur Beherbergung sowie alle f\u00fcr den Gast erbrachten weiteren Leistungen und Lieferungen des Anbieters. Die Leistungen des Anbieters erfolgen ausschlie\u00dflich aufgrund dieser Allgemeinen Gesch\u00e4ftsbedingungen.(2) Die Unter- oder Weitervermietung der \u00fcberlassenen Ferienwohnung sowie deren Nutzung zu anderen [&hellip;]\" \/>\n<meta property=\"og:url\" content=\"https:\/\/haus-gronau.de\/index.php\/agb\/\" \/>\n<meta property=\"og:site_name\" content=\"Haus Gronau\" \/>\n<meta property=\"article:modified_time\" content=\"2019-05-27T12:36:20+00:00\" \/>\n<meta name=\"twitter:card\" content=\"summary_large_image\" \/>\n<meta name=\"twitter:label1\" content=\"Gesch\u00e4tzte Lesezeit\" \/>\n\t<meta name=\"twitter:data1\" content=\"12\u00a0Minuten\" \/>\n<script type=\"application\/ld+json\" class=\"yoast-schema-graph\">{\"@context\":\"https:\/\/schema.org\",\"@graph\":[{\"@type\":\"WebPage\",\"@id\":\"https:\/\/haus-gronau.de\/index.php\/agb\/\",\"url\":\"https:\/\/haus-gronau.de\/index.php\/agb\/\",\"name\":\"AGB - Haus Gronau\",\"isPartOf\":{\"@id\":\"https:\/\/haus-gronau.de\/#website\"},\"datePublished\":\"2019-05-27T10:00:55+00:00\",\"dateModified\":\"2019-05-27T12:36:20+00:00\",\"breadcrumb\":{\"@id\":\"https:\/\/haus-gronau.de\/index.php\/agb\/#breadcrumb\"},\"inLanguage\":\"de\",\"potentialAction\":[{\"@type\":\"ReadAction\",\"target\":[\"https:\/\/haus-gronau.de\/index.php\/agb\/\"]}]},{\"@type\":\"BreadcrumbList\",\"@id\":\"https:\/\/haus-gronau.de\/index.php\/agb\/#breadcrumb\",\"itemListElement\":[{\"@type\":\"ListItem\",\"position\":1,\"name\":\"Startseite\",\"item\":\"https:\/\/haus-gronau.de\/index.php\/home\/\"},{\"@type\":\"ListItem\",\"position\":2,\"name\":\"AGB\"}]},{\"@type\":\"WebSite\",\"@id\":\"https:\/\/haus-gronau.de\/#website\",\"url\":\"https:\/\/haus-gronau.de\/\",\"name\":\"Haus Gronau\",\"description\":\"Ferienwohnungen in Bergisch Gladbach\",\"potentialAction\":[{\"@type\":\"SearchAction\",\"target\":{\"@type\":\"EntryPoint\",\"urlTemplate\":\"https:\/\/haus-gronau.de\/?s={search_term_string}\"},\"query-input\":{\"@type\":\"PropertyValueSpecification\",\"valueRequired\":true,\"valueName\":\"search_term_string\"}}],\"inLanguage\":\"de\"}]}<\/script>\n<!-- \/ Yoast SEO plugin. -->","yoast_head_json":{"title":"AGB - Haus Gronau","robots":{"index":"index","follow":"follow","max-snippet":"max-snippet:-1","max-image-preview":"max-image-preview:large","max-video-preview":"max-video-preview:-1"},"canonical":"https:\/\/haus-gronau.de\/index.php\/agb\/","og_locale":"de_DE","og_type":"article","og_title":"AGB - Haus Gronau","og_description":"\u00a7 1 . Geltung der AGB (1) Diese Allgemeinen Gesch\u00e4ftsbedingungen gelten f\u00fcr Vertr\u00e4ge \u00fcber die mietweise \u00dcberlassung von Ferienwohnungen zur Beherbergung sowie alle f\u00fcr den Gast erbrachten weiteren Leistungen und Lieferungen des Anbieters. Die Leistungen des Anbieters erfolgen ausschlie\u00dflich aufgrund dieser Allgemeinen Gesch\u00e4ftsbedingungen.(2) Die Unter- oder Weitervermietung der \u00fcberlassenen Ferienwohnung sowie deren Nutzung zu anderen [&hellip;]","og_url":"https:\/\/haus-gronau.de\/index.php\/agb\/","og_site_name":"Haus Gronau","article_modified_time":"2019-05-27T12:36:20+00:00","twitter_card":"summary_large_image","twitter_misc":{"Gesch\u00e4tzte Lesezeit":"12\u00a0Minuten"},"schema":{"@context":"https:\/\/schema.org","@graph":[{"@type":"WebPage","@id":"https:\/\/haus-gronau.de\/index.php\/agb\/","url":"https:\/\/haus-gronau.de\/index.php\/agb\/","name":"AGB - Haus Gronau","isPartOf":{"@id":"https:\/\/haus-gronau.de\/#website"},"datePublished":"2019-05-27T10:00:55+00:00","dateModified":"2019-05-27T12:36:20+00:00","breadcrumb":{"@id":"https:\/\/haus-gronau.de\/index.php\/agb\/#breadcrumb"},"inLanguage":"de","potentialAction":[{"@type":"ReadAction","target":["https:\/\/haus-gronau.de\/index.php\/agb\/"]}]},{"@type":"BreadcrumbList","@id":"https:\/\/haus-gronau.de\/index.php\/agb\/#breadcrumb","itemListElement":[{"@type":"ListItem","position":1,"name":"Startseite","item":"https:\/\/haus-gronau.de\/index.php\/home\/"},{"@type":"ListItem","position":2,"name":"AGB"}]},{"@type":"WebSite","@id":"https:\/\/haus-gronau.de\/#website","url":"https:\/\/haus-gronau.de\/","name":"Haus Gronau","description":"Ferienwohnungen in Bergisch Gladbach","potentialAction":[{"@type":"SearchAction","target":{"@type":"EntryPoint","urlTemplate":"https:\/\/haus-gronau.de\/?s={search_term_string}"},"query-input":{"@type":"PropertyValueSpecification","valueRequired":true,"valueName":"search_term_string"}}],"inLanguage":"de"}]}},"_links":{"self":[{"href":"https:\/\/haus-gronau.de\/index.php\/wp-json\/wp\/v2\/pages\/3724","targetHints":{"allow":["GET"]}}],"collection":[{"href":"https:\/\/haus-gronau.de\/index.php\/wp-json\/wp\/v2\/pages"}],"about":[{"href":"https:\/\/haus-gronau.de\/index.php\/wp-json\/wp\/v2\/types\/page"}],"author":[{"embeddable":true,"href":"https:\/\/haus-gronau.de\/index.php\/wp-json\/wp\/v2\/users\/3"}],"replies":[{"embeddable":true,"href":"https:\/\/haus-gronau.de\/index.php\/wp-json\/wp\/v2\/comments?post=3724"}],"version-history":[{"count":19,"href":"https:\/\/haus-gronau.de\/index.php\/wp-json\/wp\/v2\/pages\/3724\/revisions"}],"predecessor-version":[{"id":3747,"href":"https:\/\/haus-gronau.de\/index.php\/wp-json\/wp\/v2\/pages\/3724\/revisions\/3747"}],"wp:attachment":[{"href":"https:\/\/haus-gronau.de\/index.php\/wp-json\/wp\/v2\/media?parent=3724"}],"curies":[{"name":"wp","href":"https:\/\/api.w.org\/{rel}","templated":true}]}}