{"id":3433,"date":"2018-04-15T11:15:51","date_gmt":"2018-04-15T09:15:51","guid":{"rendered":"http:\/\/haus-gronau.de\/?page_id=3433"},"modified":"2018-04-15T11:16:21","modified_gmt":"2018-04-15T09:16:21","slug":"datenschutzerklaerung","status":"publish","type":"page","link":"https:\/\/haus-gronau.de\/index.php\/datenschutzerklaerung\/","title":{"rendered":"Datenschutzerkl\u00e4rung"},"content":{"rendered":"<p>Haus Gronau freut sich \u00fcber Ihren Besuch auf unserer Webseite und Ihr Interesse an unserem Unternehmen und unseren Produkten. Der Schutz Ihrer personenbezogenen Daten bei der Verarbeitung ist f\u00fcr uns ein wichtiges Anliegen und wir m\u00f6chten, dass Sie sich beim Besuch unserer Internetseiten sicher f\u00fchlen. Im Folgenden erl\u00e4utern wir, welche Informationen w\u00e4hrend Ihres Besuches auf unsern Webseiten erfasst und genutzt werden.<\/p>\n<h3>Personenbezogene Daten<\/h3>\n<p>Personenbezogene Daten sind Einzelangaben \u00fcber pers\u00f6nliche oder sachliche Verh\u00e4ltnisse einer bestimmten oder bestimmbaren nat\u00fcrlichen Person. Darunter fallen Informationen wie z.B. Ihr Name, Ihre Anschrift und Ihre Telefonnummer.<\/p>\n<h3>Erhebung und Verarbeitung von personenbezogenen Daten<\/h3>\n<p>Wenn Sie unsere Webseiten besuchen, speichert unser Webserver standardm\u00e4\u00dfig zum Zweck der Systemsicherheit tempor\u00e4r die Verbindungsdaten des anfragenden Rechners, die Webseiten, die Sie bei uns besuchen, das Datum und die Dauer des Besuches, die Erkennungsdaten des verwendeten Browser- und Betriebssystem-Typs sowie die Webseite, von der aus Sie uns besuchen. Dar\u00fcber hinausgehende personenbezogene Angaben wie Ihr Name, Ihre Anschrift, Telefonnummer oder E-Mail-Adresse werden nicht erfasst, es sei denn, diese Angaben werden von Ihnen freiwillig gemacht, z.B. im Rahmen einer Registrierung, einer Umfrage oder einer Informationsanfrage.<\/p>\n<h3>Einsatz von Cookies<\/h3>\n<p>Unsere Website verwendet Cookies. Das sind kleine Textdateien, die es m\u00f6glich machen, auf dem Endger\u00e4t des Nutzers spezifische, auf den Nutzer bezogene Informationen zu speichern, w\u00e4hrend er die Website nutzt. Cookies erm\u00f6glichen es, insbesondere Nutzungsh\u00e4ufigkeit und Nutzeranzahl der Seiten zu ermitteln, Verhaltensweisen der Seitennutzung zu analysieren, aber auch unser Angebot kundenfreundlicher zu gestalten. Cookies bleiben \u00fcber das Ende einer Browser-Sitzung gespeichert und k\u00f6nnen bei einem erneuten Seitenbesuch wieder aufgerufen werden. Wenn Sie das nicht w\u00fcnschen, sollten Sie Ihren Internetbrowser so einstellen, dass er die Annahme von Cookies verweigert.<\/p>\n<h3>Nutzung und Weitergabe der personenbezogenen Daten<\/h3>\n<p>Die von Ihnen zur Verf\u00fcgung gestellten personenbezogenen Daten verwenden wir ausschlie\u00dflich zum Zweck der Erf\u00fcllung Ihrer W\u00fcnsche, also in der Regel zur Abwicklung und zur Beantwortung Ihrer Anfrage. Wir nutzen diese Daten nicht f\u00fcr produktbezogene Umfragen und Marketingzwecke. Eine Weitergabe, Verkauf oder sonstige \u00dcbermittlung Ihrer personenbezogenen Daten an Dritte erfolgt nicht.<\/p>\n<h3>Sicherheit<\/h3>\n<p>Wir treffen alle notwendigen technischen und organisatorischen Sicherheitsma\u00dfnahmen, um Ihre personenbezogenen Daten vor Verlust und Missbrauch zu sch\u00fctzen. So werden Ihre Daten in einer sicheren Betriebsumgebung gespeichert, die der \u00d6ffentlichkeit nicht zug\u00e4nglich ist. Sollten Sie mit uns per E-Mail in Kontakt treten wollen, weisen wir darauf hin, dass die Vertraulichkeit der \u00fcbermittelten Informationen nicht gew\u00e4hrleistet ist. Der Inhalt von E-Mails kann von Dritten eingesehen werden. Wir empfehlen Ihnen daher, uns vertrauliche Informationen ausschlie\u00dflich \u00fcber den Postweg zukommen zu lassen.<\/p>\n<h3>Auskunftsrecht<\/h3>\n<p>Auf schriftliche Anfrage werden Sie von uns dar\u00fcber informiert, welche Daten wir \u00fcber Ihre Person (z.B. Name, Adresse) gespeichert haben.<\/p>\n<h3>Kontakt<\/h3>\n<p>F\u00fcr Ausk\u00fcnfte hinsichtlich der Verarbeitung Ihrer pers\u00f6nlichen Daten, stehen wir Ihnen jederzeit gerne zur Verf\u00fcgung.<\/p>\n<h3>Google Analytics<\/h3>\n<p>Diese Website benutzt Google Analytics, einen Webanalysedienst der Google Inc. (\u201eGoogle\u201c). Google Analytics verwendet sog. \u201eCookies\u201c, Textdateien, die auf Ihrem Computer gespeichert werden und die eine Analyse der Benutzung der Website durch Sie erm\u00f6glichen. Die durch den Cookie erzeugten Informationen \u00fcber Ihre Benutzung dieser Website werden in der Regel an einen Server von Google in den USA \u00fcbertragen und dort gespeichert. Im Falle der Aktivierung der IP-Anonymisierung auf dieser Webseite, wird Ihre IP-Adresse von Google jedoch innerhalb von Mitgliedstaaten der Europ\u00e4ischen Union oder in anderen Vertragsstaaten des Abkommens \u00fcber den Europ\u00e4ischen Wirtschaftsraum zuvor gek\u00fcrzt. Nur in Ausnahmef\u00e4llen wird die volle IP-Adresse an einen Server von Google in den USA \u00fcbertragen und dort gek\u00fcrzt. Im Auftrag des Betreibers dieser Website wird Google diese Informationen benutzen, um Ihre Nutzung der Website auszuwerten, um Reports \u00fcber die Websiteaktivit\u00e4ten zusammenzustellen und um weitere mit der Websitenutzung und der Internetnutzung verbundene Dienstleistungen gegen\u00fcber dem Websitebetreiber zu erbringen. Die im Rahmen von Google Analytics von Ihrem Browser \u00fcbermittelte IP-Adresse wird nicht mit anderen Daten von Google zusammengef\u00fchrt. Sie k\u00f6nnen die Speicherung der Cookies durch eine entsprechende Einstellung Ihrer Browser-Software verhindern; wir weisen Sie jedoch darauf hin, dass Sie in diesem Fall gegebenenfalls nicht s\u00e4mtliche Funktionen dieser Website vollumf\u00e4nglich werden nutzen k\u00f6nnen. Sie k\u00f6nnen dar\u00fcber hinaus die Erfassung der durch das Cookie erzeugten und auf Ihre Nutzung der Website bezogenen Daten (inkl. Ihrer IP-Adresse) an Google sowie die Verarbeitung dieser Daten durch Google verhindern, indem sie das unter dem folgenden Link (<a href=\"http:\/\/tools.google.com\/dlpage\/gaoptout?hl=de\">http:\/\/tools.google.com\/dlpage\/gaoptout?hl=de<\/a>) verf\u00fcgbare Browser-Plugin herunterladen und installieren. N\u00e4here Informationen hierzu finden Sie unter <a href=\"http:\/\/tools.google.com\/dlpage\/gaoptout?hl=de\">http:\/\/tools.google.com\/dlpage\/gaoptout?hl=de<\/a> bzw. unter <a href=\"http:\/\/www.google.com\/intl\/de\/analytics\/privacyoverview.html\">http:\/\/www.google.com\/intl\/de\/analytics\/privacyoverview.html<\/a> (allgemeine Informationen zu Google Analytics und Datenschutz). Wir weisen Sie darauf hin, dass auf dieser Webseite Google Analytics um den Code \u201egat._anonymizeIp();\u201c erweitert wurde, um eine anonymisierte Erfassung von IP-Adressen (sog. IP-Masking) zu gew\u00e4hrleisten.<\/p>\n","protected":false},"excerpt":{"rendered":"<p>Haus Gronau freut sich \u00fcber Ihren Besuch auf unserer Webseite und Ihr Interesse an unserem Unternehmen und unseren Produkten. Der Schutz Ihrer personenbezogenen Daten bei der Verarbeitung ist f\u00fcr uns ein wichtiges Anliegen und wir m\u00f6chten, dass Sie sich beim Besuch unserer Internetseiten sicher f\u00fchlen. Im Folgenden erl\u00e4utern wir, welche Informationen w\u00e4hrend Ihres Besuches auf [&hellip;]<\/p>\n","protected":false},"author":2,"featured_media":0,"parent":0,"menu_order":0,"comment_status":"closed","ping_status":"closed","template":"","meta":{"footnotes":""},"class_list":["post-3433","page","type-page","status-publish","hentry"],"yoast_head":"<!-- This site is optimized with the Yoast SEO plugin v27.1.1 - https:\/\/yoast.com\/product\/yoast-seo-wordpress\/ -->\n<title>Datenschutzerkl\u00e4rung - Haus Gronau<\/title>\n<meta name=\"robots\" content=\"index, follow, max-snippet:-1, max-image-preview:large, max-video-preview:-1\" \/>\n<link rel=\"canonical\" href=\"https:\/\/haus-gronau.de\/index.php\/datenschutzerklaerung\/\" \/>\n<meta property=\"og:locale\" content=\"de_DE\" \/>\n<meta property=\"og:type\" content=\"article\" \/>\n<meta property=\"og:title\" content=\"Datenschutzerkl\u00e4rung - Haus Gronau\" \/>\n<meta property=\"og:description\" content=\"Haus Gronau freut sich \u00fcber Ihren Besuch auf unserer Webseite und Ihr Interesse an unserem Unternehmen und unseren Produkten. Der Schutz Ihrer personenbezogenen Daten bei der Verarbeitung ist f\u00fcr uns ein wichtiges Anliegen und wir m\u00f6chten, dass Sie sich beim Besuch unserer Internetseiten sicher f\u00fchlen. Im Folgenden erl\u00e4utern wir, welche Informationen w\u00e4hrend Ihres Besuches auf [&hellip;]\" \/>\n<meta property=\"og:url\" content=\"https:\/\/haus-gronau.de\/index.php\/datenschutzerklaerung\/\" \/>\n<meta property=\"og:site_name\" content=\"Haus Gronau\" \/>\n<meta property=\"article:modified_time\" content=\"2018-04-15T09:16:21+00:00\" \/>\n<meta name=\"twitter:card\" content=\"summary_large_image\" \/>\n<meta name=\"twitter:label1\" content=\"Gesch\u00e4tzte Lesezeit\" \/>\n\t<meta name=\"twitter:data1\" content=\"4\u00a0Minuten\" \/>\n<script type=\"application\/ld+json\" class=\"yoast-schema-graph\">{\"@context\":\"https:\/\/schema.org\",\"@graph\":[{\"@type\":\"WebPage\",\"@id\":\"https:\/\/haus-gronau.de\/index.php\/datenschutzerklaerung\/\",\"url\":\"https:\/\/haus-gronau.de\/index.php\/datenschutzerklaerung\/\",\"name\":\"Datenschutzerkl\u00e4rung - Haus Gronau\",\"isPartOf\":{\"@id\":\"https:\/\/haus-gronau.de\/#website\"},\"datePublished\":\"2018-04-15T09:15:51+00:00\",\"dateModified\":\"2018-04-15T09:16:21+00:00\",\"breadcrumb\":{\"@id\":\"https:\/\/haus-gronau.de\/index.php\/datenschutzerklaerung\/#breadcrumb\"},\"inLanguage\":\"de\",\"potentialAction\":[{\"@type\":\"ReadAction\",\"target\":[\"https:\/\/haus-gronau.de\/index.php\/datenschutzerklaerung\/\"]}]},{\"@type\":\"BreadcrumbList\",\"@id\":\"https:\/\/haus-gronau.de\/index.php\/datenschutzerklaerung\/#breadcrumb\",\"itemListElement\":[{\"@type\":\"ListItem\",\"position\":1,\"name\":\"Startseite\",\"item\":\"https:\/\/haus-gronau.de\/index.php\/home\/\"},{\"@type\":\"ListItem\",\"position\":2,\"name\":\"Datenschutzerkl\u00e4rung\"}]},{\"@type\":\"WebSite\",\"@id\":\"https:\/\/haus-gronau.de\/#website\",\"url\":\"https:\/\/haus-gronau.de\/\",\"name\":\"Haus Gronau\",\"description\":\"Ferienwohnungen in Bergisch Gladbach\",\"potentialAction\":[{\"@type\":\"SearchAction\",\"target\":{\"@type\":\"EntryPoint\",\"urlTemplate\":\"https:\/\/haus-gronau.de\/?s={search_term_string}\"},\"query-input\":{\"@type\":\"PropertyValueSpecification\",\"valueRequired\":true,\"valueName\":\"search_term_string\"}}],\"inLanguage\":\"de\"}]}<\/script>\n<!-- \/ Yoast SEO plugin. -->","yoast_head_json":{"title":"Datenschutzerkl\u00e4rung - Haus Gronau","robots":{"index":"index","follow":"follow","max-snippet":"max-snippet:-1","max-image-preview":"max-image-preview:large","max-video-preview":"max-video-preview:-1"},"canonical":"https:\/\/haus-gronau.de\/index.php\/datenschutzerklaerung\/","og_locale":"de_DE","og_type":"article","og_title":"Datenschutzerkl\u00e4rung - Haus Gronau","og_description":"Haus Gronau freut sich \u00fcber Ihren Besuch auf unserer Webseite und Ihr Interesse an unserem Unternehmen und unseren Produkten. Der Schutz Ihrer personenbezogenen Daten bei der Verarbeitung ist f\u00fcr uns ein wichtiges Anliegen und wir m\u00f6chten, dass Sie sich beim Besuch unserer Internetseiten sicher f\u00fchlen. Im Folgenden erl\u00e4utern wir, welche Informationen w\u00e4hrend Ihres Besuches auf [&hellip;]","og_url":"https:\/\/haus-gronau.de\/index.php\/datenschutzerklaerung\/","og_site_name":"Haus Gronau","article_modified_time":"2018-04-15T09:16:21+00:00","twitter_card":"summary_large_image","twitter_misc":{"Gesch\u00e4tzte Lesezeit":"4\u00a0Minuten"},"schema":{"@context":"https:\/\/schema.org","@graph":[{"@type":"WebPage","@id":"https:\/\/haus-gronau.de\/index.php\/datenschutzerklaerung\/","url":"https:\/\/haus-gronau.de\/index.php\/datenschutzerklaerung\/","name":"Datenschutzerkl\u00e4rung - Haus Gronau","isPartOf":{"@id":"https:\/\/haus-gronau.de\/#website"},"datePublished":"2018-04-15T09:15:51+00:00","dateModified":"2018-04-15T09:16:21+00:00","breadcrumb":{"@id":"https:\/\/haus-gronau.de\/index.php\/datenschutzerklaerung\/#breadcrumb"},"inLanguage":"de","potentialAction":[{"@type":"ReadAction","target":["https:\/\/haus-gronau.de\/index.php\/datenschutzerklaerung\/"]}]},{"@type":"BreadcrumbList","@id":"https:\/\/haus-gronau.de\/index.php\/datenschutzerklaerung\/#breadcrumb","itemListElement":[{"@type":"ListItem","position":1,"name":"Startseite","item":"https:\/\/haus-gronau.de\/index.php\/home\/"},{"@type":"ListItem","position":2,"name":"Datenschutzerkl\u00e4rung"}]},{"@type":"WebSite","@id":"https:\/\/haus-gronau.de\/#website","url":"https:\/\/haus-gronau.de\/","name":"Haus Gronau","description":"Ferienwohnungen in Bergisch Gladbach","potentialAction":[{"@type":"SearchAction","target":{"@type":"EntryPoint","urlTemplate":"https:\/\/haus-gronau.de\/?s={search_term_string}"},"query-input":{"@type":"PropertyValueSpecification","valueRequired":true,"valueName":"search_term_string"}}],"inLanguage":"de"}]}},"_links":{"self":[{"href":"https:\/\/haus-gronau.de\/index.php\/wp-json\/wp\/v2\/pages\/3433","targetHints":{"allow":["GET"]}}],"collection":[{"href":"https:\/\/haus-gronau.de\/index.php\/wp-json\/wp\/v2\/pages"}],"about":[{"href":"https:\/\/haus-gronau.de\/index.php\/wp-json\/wp\/v2\/types\/page"}],"author":[{"embeddable":true,"href":"https:\/\/haus-gronau.de\/index.php\/wp-json\/wp\/v2\/users\/2"}],"replies":[{"embeddable":true,"href":"https:\/\/haus-gronau.de\/index.php\/wp-json\/wp\/v2\/comments?post=3433"}],"version-history":[{"count":1,"href":"https:\/\/haus-gronau.de\/index.php\/wp-json\/wp\/v2\/pages\/3433\/revisions"}],"predecessor-version":[{"id":3434,"href":"https:\/\/haus-gronau.de\/index.php\/wp-json\/wp\/v2\/pages\/3433\/revisions\/3434"}],"wp:attachment":[{"href":"https:\/\/haus-gronau.de\/index.php\/wp-json\/wp\/v2\/media?parent=3433"}],"curies":[{"name":"wp","href":"https:\/\/api.w.org\/{rel}","templated":true}]}}