{"id":3393,"date":"2018-04-14T17:17:29","date_gmt":"2018-04-14T15:17:29","guid":{"rendered":"http:\/\/haus-gronau.de\/?page_id=3393"},"modified":"2025-12-04T16:10:19","modified_gmt":"2025-12-04T15:10:19","slug":"gastronomie-und-einkaufsmoeglichkeiten-in-der-naehe","status":"publish","type":"page","link":"https:\/\/haus-gronau.de\/index.php\/gastronomie-und-einkaufsmoeglichkeiten-in-der-naehe\/","title":{"rendered":"Gastronomie und Einkaufsm\u00f6glichkeiten"},"content":{"rendered":"\n<style type=\"text\/css\" data-created_by=\"avia_inline_auto\" id=\"style-css-av-7shdpd-3d87566feab1d9219c5c0b38200dfbdc\">\n.flex_column.av-7shdpd-3d87566feab1d9219c5c0b38200dfbdc{\nborder-radius:0px 0px 0px 0px;\npadding:0px 0px 0px 0px;\n}\n<\/style>\n<div  class='flex_column av-7shdpd-3d87566feab1d9219c5c0b38200dfbdc av_one_half  avia-builder-el-0  el_before_av_one_half  avia-builder-el-first  first flex_column_div av-zero-column-padding  '     ><section  class='av_textblock_section av-58ljwx-70b3e007b1a5b0d64ca7115352854f21 '   itemscope=\"itemscope\" itemtype=\"https:\/\/schema.org\/CreativeWork\" ><div class='avia_textblock'  itemprop=\"text\" ><p>Ab 07:00 Uhr morgens k\u00f6nnen Sie beim <a href=\"https:\/\/www.unwiderstehlich-gut.de\/\" target=\"_blank\" rel=\"noopener\">B\u00e4cker<\/a> oder <a href=\"https:\/\/www.mcdonalds.com\/de\/de-de\/restaurant-suche.html\/l\/bergisch-gladbach\/richard-zanders-strasse-5\/1126\" target=\"_blank\" rel=\"noopener\">McDonalds<\/a> bequem ein Fr\u00fchst\u00fcck einnehmen.<\/p>\n<p>Griechische,indische oder gut b\u00fcrgerliche <a href=\"https:\/\/www.google.com\/search?q=restaurant+bergisch+gladbach+gronau&amp;sca_esv=a1a9d55a62f2d284&amp;udm=1&amp;sxsrf=AE3TifPdBFYf92dPaUjFwx1jAiq34wjuLQ%3A1764859762659&amp;ei=cp8xae36J7rr7_UP2MHOsAs&amp;ved=0ahUKEwjt--z5lqSRAxW69bsIHdigE7YQ4dUDCBE&amp;uact=5&amp;oq=restaurant+bergisch+gladbach+gronau&amp;gs_lp=EhZnd3Mtd2l6LW1vZGVsZXNzLWxvY2FsIiNyZXN0YXVyYW50IGJlcmdpc2NoIGdsYWRiYWNoIGdyb25hdTIFEAAYgAQyBhAAGBYYHjIGEAAYFhgeMgYQABgWGB4yCBAAGIAEGKIESOwfUN8FWM4ZcAF4AJABAJgBYqABjASqAQE3uAEDyAEA-AEBmAIIoALBBMICBBAjGCfCAgYQABgHGB7CAggQABiiBBiJBZgDAIgGAZIHAzcuMaAHnS2yBwM2LjG4B7cEwgcDMi04yAcp&amp;sclient=gws-wiz-modeless-local\" target=\"_blank\" rel=\"noopener\">Restaurants<\/a> befinden sich ebenfalls direkt um die Ecke.<\/p>\n<p>In der unmittelbaren Nachbarschaft gibt es gen\u00fcgend Einkaufsm\u00f6glichkeiten (<a href=\"https:\/\/filiale.kaufland.de\/service\/filiale\/bergisch-gladbach-7230.html\" target=\"_blank\" rel=\"noopener\">Kaufland<\/a>, <a href=\"https:\/\/breidohrs.de\/maerkte\/bergisch-gladbach\/\" target=\"_blank\" rel=\"noopener\">Edeka<\/a>, <a href=\"https:\/\/www.dm.de\/store\/d46h\/bergisch-gladbach\/richard-zanders-strasse-2\" target=\"_blank\" rel=\"noopener\">DM<\/a>, <a href=\"https:\/\/www.biomarkt.de\/bergisch-gladbach-richard-zanders-str-6\/marktseite\/\" target=\"_blank\" rel=\"noopener\">Denns<\/a>, <a href=\"https:\/\/www.facebook.com\/AnkaraMarktBG\/\" target=\"_blank\" rel=\"noopener\">Ankara<\/a>, <a href=\"https:\/\/www.expert.de\/bergischgladbach\" target=\"_blank\" rel=\"noopener\">Expert<\/a>).<\/p>\n<p>Und wer gerne joggt ist nach 100m mitten im Wald.<\/p>\n<\/div><\/section><\/div>\n<style type=\"text\/css\" data-created_by=\"avia_inline_auto\" id=\"style-css-av-4n539t-d34c97aba0031c648e921bb2e4b13229\">\n.flex_column.av-4n539t-d34c97aba0031c648e921bb2e4b13229{\nborder-radius:0px 0px 0px 0px;\npadding:0px 0px 0px 0px;\n}\n<\/style>\n<div  class='flex_column av-4n539t-d34c97aba0031c648e921bb2e4b13229 av_one_half  avia-builder-el-2  el_after_av_one_half  avia-builder-el-last  flex_column_div av-zero-column-padding  '     ><style type=\"text\/css\" data-created_by=\"avia_inline_auto\" id=\"style-css-av-2kgwkx-847004d405b89660e1fd33068b860838\">\n.avia-image-container.av-2kgwkx-847004d405b89660e1fd33068b860838 img.avia_image{\nbox-shadow:none;\n}\n.avia-image-container.av-2kgwkx-847004d405b89660e1fd33068b860838 .av-image-caption-overlay-center{\ncolor:#ffffff;\n}\n<\/style>\n<div  class='avia-image-container av-2kgwkx-847004d405b89660e1fd33068b860838 av-styling-no-styling av-hover-grow avia-align-left  avia-builder-el-3  avia-builder-el-no-sibling '   itemprop=\"image\" itemscope=\"itemscope\" itemtype=\"https:\/\/schema.org\/ImageObject\" ><div class=\"avia-image-container-inner\"><div class=\"avia-image-overlay-wrap\"><img fetchpriority=\"high\" class='wp-image-3357 avia-img-lazy-loading-not-3357 avia_image ' src='https:\/\/haus-gronau.de\/wp-content\/uploads\/2018\/04\/c10-2-300x300.jpg' alt='' title='c10'  height=\"300\" width=\"300\"  itemprop=\"thumbnailUrl\"  \/><\/div><\/div><\/div><\/div><\/p>\n","protected":false},"excerpt":{"rendered":"","protected":false},"author":2,"featured_media":0,"parent":0,"menu_order":0,"comment_status":"closed","ping_status":"closed","template":"","meta":{"footnotes":""},"class_list":["post-3393","page","type-page","status-publish","hentry"],"yoast_head":"<!-- This site is optimized with the Yoast SEO plugin v27.1.1 - https:\/\/yoast.com\/product\/yoast-seo-wordpress\/ -->\n<title>Ferienwohung mit Hund n\u00e4he K\u00f6ln - [Haus Gronau]<\/title>\n<meta name=\"description\" content=\"Hundefreundliche Ferienwohnungen in Bergisch Gladbach (n\u00e4he K\u00f6ln) \u2665 Jetzt buchen \u2665 kostenloses WLAN \u2665 mehrere Hunde auf Anfrage \u2665\u2665\u2665\" \/>\n<meta name=\"robots\" content=\"index, follow, max-snippet:-1, max-image-preview:large, max-video-preview:-1\" \/>\n<link rel=\"canonical\" href=\"https:\/\/haus-gronau.de\/index.php\/gastronomie-und-einkaufsmoeglichkeiten-in-der-naehe\/\" \/>\n<meta property=\"og:locale\" content=\"de_DE\" \/>\n<meta property=\"og:type\" content=\"article\" \/>\n<meta property=\"og:title\" content=\"Ferienwohung mit Hund n\u00e4he K\u00f6ln - [Haus Gronau]\" \/>\n<meta property=\"og:description\" content=\"Hundefreundliche Ferienwohnungen in Bergisch Gladbach (n\u00e4he K\u00f6ln) \u2665 Jetzt buchen \u2665 kostenloses WLAN \u2665 mehrere Hunde auf Anfrage \u2665\u2665\u2665\" \/>\n<meta property=\"og:url\" content=\"https:\/\/haus-gronau.de\/index.php\/gastronomie-und-einkaufsmoeglichkeiten-in-der-naehe\/\" \/>\n<meta property=\"og:site_name\" content=\"Haus Gronau\" \/>\n<meta property=\"article:modified_time\" content=\"2025-12-04T15:10:19+00:00\" \/>\n<meta name=\"twitter:card\" content=\"summary_large_image\" \/>\n<meta name=\"twitter:label1\" content=\"Gesch\u00e4tzte Lesezeit\" \/>\n\t<meta name=\"twitter:data1\" content=\"1\u00a0Minute\" \/>\n<script type=\"application\/ld+json\" class=\"yoast-schema-graph\">{\"@context\":\"https:\/\/schema.org\",\"@graph\":[{\"@type\":\"WebPage\",\"@id\":\"https:\/\/haus-gronau.de\/index.php\/gastronomie-und-einkaufsmoeglichkeiten-in-der-naehe\/\",\"url\":\"https:\/\/haus-gronau.de\/index.php\/gastronomie-und-einkaufsmoeglichkeiten-in-der-naehe\/\",\"name\":\"Ferienwohung mit Hund n\u00e4he K\u00f6ln - [Haus Gronau]\",\"isPartOf\":{\"@id\":\"https:\/\/haus-gronau.de\/#website\"},\"datePublished\":\"2018-04-14T15:17:29+00:00\",\"dateModified\":\"2025-12-04T15:10:19+00:00\",\"description\":\"Hundefreundliche Ferienwohnungen in Bergisch Gladbach (n\u00e4he K\u00f6ln) \u2665 Jetzt buchen \u2665 kostenloses WLAN \u2665 mehrere Hunde auf Anfrage \u2665\u2665\u2665\",\"breadcrumb\":{\"@id\":\"https:\/\/haus-gronau.de\/index.php\/gastronomie-und-einkaufsmoeglichkeiten-in-der-naehe\/#breadcrumb\"},\"inLanguage\":\"de\",\"potentialAction\":[{\"@type\":\"ReadAction\",\"target\":[\"https:\/\/haus-gronau.de\/index.php\/gastronomie-und-einkaufsmoeglichkeiten-in-der-naehe\/\"]}]},{\"@type\":\"BreadcrumbList\",\"@id\":\"https:\/\/haus-gronau.de\/index.php\/gastronomie-und-einkaufsmoeglichkeiten-in-der-naehe\/#breadcrumb\",\"itemListElement\":[{\"@type\":\"ListItem\",\"position\":1,\"name\":\"Startseite\",\"item\":\"https:\/\/haus-gronau.de\/index.php\/home\/\"},{\"@type\":\"ListItem\",\"position\":2,\"name\":\"Gastronomie und Einkaufsm\u00f6glichkeiten\"}]},{\"@type\":\"WebSite\",\"@id\":\"https:\/\/haus-gronau.de\/#website\",\"url\":\"https:\/\/haus-gronau.de\/\",\"name\":\"Haus Gronau\",\"description\":\"Ferienwohnungen in Bergisch Gladbach\",\"potentialAction\":[{\"@type\":\"SearchAction\",\"target\":{\"@type\":\"EntryPoint\",\"urlTemplate\":\"https:\/\/haus-gronau.de\/?s={search_term_string}\"},\"query-input\":{\"@type\":\"PropertyValueSpecification\",\"valueRequired\":true,\"valueName\":\"search_term_string\"}}],\"inLanguage\":\"de\"}]}<\/script>\n<!-- \/ Yoast SEO plugin. -->","yoast_head_json":{"title":"Ferienwohung mit Hund n\u00e4he K\u00f6ln - [Haus Gronau]","description":"Hundefreundliche Ferienwohnungen in Bergisch Gladbach (n\u00e4he K\u00f6ln) \u2665 Jetzt buchen \u2665 kostenloses WLAN \u2665 mehrere Hunde auf Anfrage \u2665\u2665\u2665","robots":{"index":"index","follow":"follow","max-snippet":"max-snippet:-1","max-image-preview":"max-image-preview:large","max-video-preview":"max-video-preview:-1"},"canonical":"https:\/\/haus-gronau.de\/index.php\/gastronomie-und-einkaufsmoeglichkeiten-in-der-naehe\/","og_locale":"de_DE","og_type":"article","og_title":"Ferienwohung mit Hund n\u00e4he K\u00f6ln - [Haus Gronau]","og_description":"Hundefreundliche Ferienwohnungen in Bergisch Gladbach (n\u00e4he K\u00f6ln) \u2665 Jetzt buchen \u2665 kostenloses WLAN \u2665 mehrere Hunde auf Anfrage \u2665\u2665\u2665","og_url":"https:\/\/haus-gronau.de\/index.php\/gastronomie-und-einkaufsmoeglichkeiten-in-der-naehe\/","og_site_name":"Haus Gronau","article_modified_time":"2025-12-04T15:10:19+00:00","twitter_card":"summary_large_image","twitter_misc":{"Gesch\u00e4tzte Lesezeit":"1\u00a0Minute"},"schema":{"@context":"https:\/\/schema.org","@graph":[{"@type":"WebPage","@id":"https:\/\/haus-gronau.de\/index.php\/gastronomie-und-einkaufsmoeglichkeiten-in-der-naehe\/","url":"https:\/\/haus-gronau.de\/index.php\/gastronomie-und-einkaufsmoeglichkeiten-in-der-naehe\/","name":"Ferienwohung mit Hund n\u00e4he K\u00f6ln - [Haus Gronau]","isPartOf":{"@id":"https:\/\/haus-gronau.de\/#website"},"datePublished":"2018-04-14T15:17:29+00:00","dateModified":"2025-12-04T15:10:19+00:00","description":"Hundefreundliche Ferienwohnungen in Bergisch Gladbach (n\u00e4he K\u00f6ln) \u2665 Jetzt buchen \u2665 kostenloses WLAN \u2665 mehrere Hunde auf Anfrage \u2665\u2665\u2665","breadcrumb":{"@id":"https:\/\/haus-gronau.de\/index.php\/gastronomie-und-einkaufsmoeglichkeiten-in-der-naehe\/#breadcrumb"},"inLanguage":"de","potentialAction":[{"@type":"ReadAction","target":["https:\/\/haus-gronau.de\/index.php\/gastronomie-und-einkaufsmoeglichkeiten-in-der-naehe\/"]}]},{"@type":"BreadcrumbList","@id":"https:\/\/haus-gronau.de\/index.php\/gastronomie-und-einkaufsmoeglichkeiten-in-der-naehe\/#breadcrumb","itemListElement":[{"@type":"ListItem","position":1,"name":"Startseite","item":"https:\/\/haus-gronau.de\/index.php\/home\/"},{"@type":"ListItem","position":2,"name":"Gastronomie und Einkaufsm\u00f6glichkeiten"}]},{"@type":"WebSite","@id":"https:\/\/haus-gronau.de\/#website","url":"https:\/\/haus-gronau.de\/","name":"Haus Gronau","description":"Ferienwohnungen in Bergisch Gladbach","potentialAction":[{"@type":"SearchAction","target":{"@type":"EntryPoint","urlTemplate":"https:\/\/haus-gronau.de\/?s={search_term_string}"},"query-input":{"@type":"PropertyValueSpecification","valueRequired":true,"valueName":"search_term_string"}}],"inLanguage":"de"}]}},"_links":{"self":[{"href":"https:\/\/haus-gronau.de\/index.php\/wp-json\/wp\/v2\/pages\/3393","targetHints":{"allow":["GET"]}}],"collection":[{"href":"https:\/\/haus-gronau.de\/index.php\/wp-json\/wp\/v2\/pages"}],"about":[{"href":"https:\/\/haus-gronau.de\/index.php\/wp-json\/wp\/v2\/types\/page"}],"author":[{"embeddable":true,"href":"https:\/\/haus-gronau.de\/index.php\/wp-json\/wp\/v2\/users\/2"}],"replies":[{"embeddable":true,"href":"https:\/\/haus-gronau.de\/index.php\/wp-json\/wp\/v2\/comments?post=3393"}],"version-history":[{"count":5,"href":"https:\/\/haus-gronau.de\/index.php\/wp-json\/wp\/v2\/pages\/3393\/revisions"}],"predecessor-version":[{"id":3788,"href":"https:\/\/haus-gronau.de\/index.php\/wp-json\/wp\/v2\/pages\/3393\/revisions\/3788"}],"wp:attachment":[{"href":"https:\/\/haus-gronau.de\/index.php\/wp-json\/wp\/v2\/media?parent=3393"}],"curies":[{"name":"wp","href":"https:\/\/api.w.org\/{rel}","templated":true}]}}