{"id":3390,"date":"2018-04-14T17:17:15","date_gmt":"2018-04-14T15:17:15","guid":{"rendered":"http:\/\/haus-gronau.de\/?page_id=3390"},"modified":"2025-12-04T15:33:08","modified_gmt":"2025-12-04T14:33:08","slug":"oepnv-nach-koeln","status":"publish","type":"page","link":"https:\/\/haus-gronau.de\/index.php\/oepnv-nach-koeln\/","title":{"rendered":"\u00d6PNV nach K\u00f6ln"},"content":{"rendered":"<p><strong>Direkte Bahnverbindung nach K\u00f6ln<\/strong><\/p>\n<p>Der Bus (<a href=\"https:\/\/ekap-download.vrs.de\/downloads\/linien\/mini-fahrplan\/2026_451_451.pdf?1764035777\" target=\"_blank\" rel=\"noopener\">Linie 451<\/a>) zur S-Bahn (<a href=\"https:\/\/ekap-download.vrs.de\/downloads\/linien\/mini-fahrplan\/2026_1211_S11.pdf?1764813311\" target=\"_blank\" rel=\"noopener\">S11<\/a>) oder zur Stra\u00dfenbahn (<a href=\"https:\/\/ekap-download.vrs.de\/downloads\/linien\/mini-fahrplan\/2026_1_1_2026-01-07.pdf?1764035627\" target=\"_blank\" rel=\"noopener\">Linie 1<\/a>) nach K\u00f6ln h\u00e4lt unmittelbar vor der T\u00fcr.<\/p>\n<p>Mit der S-Bahn Line <a href=\"https:\/\/ekap-download.vrs.de\/downloads\/linien\/mini-fahrplan\/2026_1211_S11.pdf?1764813311\" target=\"_blank\" rel=\"noopener\">S11<\/a> erreichen Sie vom Bahnhof aus u.a. die Haltestellen K\u00f6ln Dellbr\u00fcck, M\u00fclheim, Deutz-Messe (17 Min.) und Hauptbahnhof (20 Min.) in K\u00fcrze.<\/p>\n\n\n<p><\/p>\n","protected":false},"excerpt":{"rendered":"<p>Direkte Bahnverbindung nach K\u00f6ln Der Bus (Linie 451) zur S-Bahn (S11) oder zur Stra\u00dfenbahn (Linie 1) nach K\u00f6ln h\u00e4lt unmittelbar vor der T\u00fcr. Mit der S-Bahn Line S11 erreichen Sie vom Bahnhof aus u.a. die Haltestellen K\u00f6ln Dellbr\u00fcck, M\u00fclheim, Deutz-Messe (17 Min.) und Hauptbahnhof (20 Min.) in K\u00fcrze.<\/p>\n","protected":false},"author":2,"featured_media":0,"parent":0,"menu_order":0,"comment_status":"closed","ping_status":"closed","template":"","meta":{"footnotes":""},"class_list":["post-3390","page","type-page","status-publish","hentry"],"yoast_head":"<!-- This site is optimized with the Yoast SEO plugin v27.1.1 - https:\/\/yoast.com\/product\/yoast-seo-wordpress\/ -->\n<title>\u00d6PNV nach K\u00f6ln - Haus Gronau<\/title>\n<meta name=\"robots\" content=\"index, follow, max-snippet:-1, max-image-preview:large, max-video-preview:-1\" \/>\n<link rel=\"canonical\" href=\"https:\/\/haus-gronau.de\/index.php\/oepnv-nach-koeln\/\" \/>\n<meta property=\"og:locale\" content=\"de_DE\" \/>\n<meta property=\"og:type\" content=\"article\" \/>\n<meta property=\"og:title\" content=\"\u00d6PNV nach K\u00f6ln - Haus Gronau\" \/>\n<meta property=\"og:description\" content=\"Direkte Bahnverbindung nach K\u00f6ln Der Bus (Linie 451) zur S-Bahn (S11) oder zur Stra\u00dfenbahn (Linie 1) nach K\u00f6ln h\u00e4lt unmittelbar vor der T\u00fcr. Mit der S-Bahn Line S11 erreichen Sie vom Bahnhof aus u.a. die Haltestellen K\u00f6ln Dellbr\u00fcck, M\u00fclheim, Deutz-Messe (17 Min.) und Hauptbahnhof (20 Min.) in K\u00fcrze.\" \/>\n<meta property=\"og:url\" content=\"https:\/\/haus-gronau.de\/index.php\/oepnv-nach-koeln\/\" \/>\n<meta property=\"og:site_name\" content=\"Haus Gronau\" \/>\n<meta property=\"article:modified_time\" content=\"2025-12-04T14:33:08+00:00\" \/>\n<meta name=\"twitter:card\" content=\"summary_large_image\" \/>\n<meta name=\"twitter:label1\" content=\"Gesch\u00e4tzte Lesezeit\" \/>\n\t<meta name=\"twitter:data1\" content=\"1\u00a0Minute\" \/>\n<script type=\"application\/ld+json\" class=\"yoast-schema-graph\">{\"@context\":\"https:\/\/schema.org\",\"@graph\":[{\"@type\":\"WebPage\",\"@id\":\"https:\/\/haus-gronau.de\/index.php\/oepnv-nach-koeln\/\",\"url\":\"https:\/\/haus-gronau.de\/index.php\/oepnv-nach-koeln\/\",\"name\":\"\u00d6PNV nach K\u00f6ln - Haus Gronau\",\"isPartOf\":{\"@id\":\"https:\/\/haus-gronau.de\/#website\"},\"datePublished\":\"2018-04-14T15:17:15+00:00\",\"dateModified\":\"2025-12-04T14:33:08+00:00\",\"breadcrumb\":{\"@id\":\"https:\/\/haus-gronau.de\/index.php\/oepnv-nach-koeln\/#breadcrumb\"},\"inLanguage\":\"de\",\"potentialAction\":[{\"@type\":\"ReadAction\",\"target\":[\"https:\/\/haus-gronau.de\/index.php\/oepnv-nach-koeln\/\"]}]},{\"@type\":\"BreadcrumbList\",\"@id\":\"https:\/\/haus-gronau.de\/index.php\/oepnv-nach-koeln\/#breadcrumb\",\"itemListElement\":[{\"@type\":\"ListItem\",\"position\":1,\"name\":\"Startseite\",\"item\":\"https:\/\/haus-gronau.de\/index.php\/home\/\"},{\"@type\":\"ListItem\",\"position\":2,\"name\":\"\u00d6PNV nach K\u00f6ln\"}]},{\"@type\":\"WebSite\",\"@id\":\"https:\/\/haus-gronau.de\/#website\",\"url\":\"https:\/\/haus-gronau.de\/\",\"name\":\"Haus Gronau\",\"description\":\"Ferienwohnungen in Bergisch Gladbach\",\"potentialAction\":[{\"@type\":\"SearchAction\",\"target\":{\"@type\":\"EntryPoint\",\"urlTemplate\":\"https:\/\/haus-gronau.de\/?s={search_term_string}\"},\"query-input\":{\"@type\":\"PropertyValueSpecification\",\"valueRequired\":true,\"valueName\":\"search_term_string\"}}],\"inLanguage\":\"de\"}]}<\/script>\n<!-- \/ Yoast SEO plugin. -->","yoast_head_json":{"title":"\u00d6PNV nach K\u00f6ln - Haus Gronau","robots":{"index":"index","follow":"follow","max-snippet":"max-snippet:-1","max-image-preview":"max-image-preview:large","max-video-preview":"max-video-preview:-1"},"canonical":"https:\/\/haus-gronau.de\/index.php\/oepnv-nach-koeln\/","og_locale":"de_DE","og_type":"article","og_title":"\u00d6PNV nach K\u00f6ln - Haus Gronau","og_description":"Direkte Bahnverbindung nach K\u00f6ln Der Bus (Linie 451) zur S-Bahn (S11) oder zur Stra\u00dfenbahn (Linie 1) nach K\u00f6ln h\u00e4lt unmittelbar vor der T\u00fcr. Mit der S-Bahn Line S11 erreichen Sie vom Bahnhof aus u.a. die Haltestellen K\u00f6ln Dellbr\u00fcck, M\u00fclheim, Deutz-Messe (17 Min.) und Hauptbahnhof (20 Min.) in K\u00fcrze.","og_url":"https:\/\/haus-gronau.de\/index.php\/oepnv-nach-koeln\/","og_site_name":"Haus Gronau","article_modified_time":"2025-12-04T14:33:08+00:00","twitter_card":"summary_large_image","twitter_misc":{"Gesch\u00e4tzte Lesezeit":"1\u00a0Minute"},"schema":{"@context":"https:\/\/schema.org","@graph":[{"@type":"WebPage","@id":"https:\/\/haus-gronau.de\/index.php\/oepnv-nach-koeln\/","url":"https:\/\/haus-gronau.de\/index.php\/oepnv-nach-koeln\/","name":"\u00d6PNV nach K\u00f6ln - Haus Gronau","isPartOf":{"@id":"https:\/\/haus-gronau.de\/#website"},"datePublished":"2018-04-14T15:17:15+00:00","dateModified":"2025-12-04T14:33:08+00:00","breadcrumb":{"@id":"https:\/\/haus-gronau.de\/index.php\/oepnv-nach-koeln\/#breadcrumb"},"inLanguage":"de","potentialAction":[{"@type":"ReadAction","target":["https:\/\/haus-gronau.de\/index.php\/oepnv-nach-koeln\/"]}]},{"@type":"BreadcrumbList","@id":"https:\/\/haus-gronau.de\/index.php\/oepnv-nach-koeln\/#breadcrumb","itemListElement":[{"@type":"ListItem","position":1,"name":"Startseite","item":"https:\/\/haus-gronau.de\/index.php\/home\/"},{"@type":"ListItem","position":2,"name":"\u00d6PNV nach K\u00f6ln"}]},{"@type":"WebSite","@id":"https:\/\/haus-gronau.de\/#website","url":"https:\/\/haus-gronau.de\/","name":"Haus Gronau","description":"Ferienwohnungen in Bergisch Gladbach","potentialAction":[{"@type":"SearchAction","target":{"@type":"EntryPoint","urlTemplate":"https:\/\/haus-gronau.de\/?s={search_term_string}"},"query-input":{"@type":"PropertyValueSpecification","valueRequired":true,"valueName":"search_term_string"}}],"inLanguage":"de"}]}},"_links":{"self":[{"href":"https:\/\/haus-gronau.de\/index.php\/wp-json\/wp\/v2\/pages\/3390","targetHints":{"allow":["GET"]}}],"collection":[{"href":"https:\/\/haus-gronau.de\/index.php\/wp-json\/wp\/v2\/pages"}],"about":[{"href":"https:\/\/haus-gronau.de\/index.php\/wp-json\/wp\/v2\/types\/page"}],"author":[{"embeddable":true,"href":"https:\/\/haus-gronau.de\/index.php\/wp-json\/wp\/v2\/users\/2"}],"replies":[{"embeddable":true,"href":"https:\/\/haus-gronau.de\/index.php\/wp-json\/wp\/v2\/comments?post=3390"}],"version-history":[{"count":5,"href":"https:\/\/haus-gronau.de\/index.php\/wp-json\/wp\/v2\/pages\/3390\/revisions"}],"predecessor-version":[{"id":3785,"href":"https:\/\/haus-gronau.de\/index.php\/wp-json\/wp\/v2\/pages\/3390\/revisions\/3785"}],"wp:attachment":[{"href":"https:\/\/haus-gronau.de\/index.php\/wp-json\/wp\/v2\/media?parent=3390"}],"curies":[{"name":"wp","href":"https:\/\/api.w.org\/{rel}","templated":true}]}}